{"id":2,"date":"2024-01-08T15:07:05","date_gmt":"2024-01-08T14:07:05","guid":{"rendered":"http:\/\/acmp-bf.com\/?page_id=2"},"modified":"2024-02-18T08:36:01","modified_gmt":"2024-02-18T07:36:01","slug":"page-d-exemple","status":"publish","type":"page","link":"https:\/\/acmp-bf.com\/index.php\/page-d-exemple\/","title":{"rendered":"ACM Promotion"},"content":{"rendered":"\n<h2 class=\"wp-block-heading has-text-align-center has-text-color has-link-color wp-elements-ff59fcf75b367787b1ffa88798a02660\" style=\"color:#48b031\">Qui somme nous<\/h2>\n\n\n\n<p><strong>Agence de Corporation M\u00e9dicale et Promotion<\/strong> en abr\u00e9g\u00e9e <strong>ACM PROMOTION<\/strong> est une firme de droit<br>burkinab\u00e9, principalement engag\u00e9e dans la promotion des produits pharmaceutiques et m\u00e9dicaments th\u00e9rapeutiques au Burkina Faso. <\/p>\n\n\n\n<p>Notre service de promotion fournit aux laboratoires et aux clients pharmaceutiques une strat\u00e9gie num\u00e9rique compl\u00e8te qui r\u00e9pond \u00e0 leurs probl\u00e9matiques cl\u00e9s.<\/p>\n\n\n\n<p>Au service de l\u2019augmentation des parts de march\u00e9, cette approche diff\u00e9renci\u00e9e combine promotion<br>classique et l\u2019innovation digitale dans le respect des r\u00e8gles d\u2019\u00e9thiques et de conformit\u00e9.<\/p>\n\n\n\n<p>Toujours dans une d\u00e9marche de respect des r\u00e8gles d\u2019\u00e9thique et de d\u00e9ontologie de la profession,<br>l\u2019int\u00e9gralit\u00e9 de nos visiteurs m\u00e9dicaux sont form\u00e9es \u00e0 la pharmacovigilance.<\/p>\n\n\n\n<blockquote class=\"wp-block-quote\">\n<p>Quatre types d\u2019organisation sont envisageables selon le besoin des laboratoires ce sont:<br><strong>\uf0a7 Le R\u00e9seau de d\u00e9l\u00e9gu\u00e9s ; <br>\uf0a7 Le R\u00e9seau de vente pharmaceutique ;<br>\uf0a7 Le R\u00e9seau de gestion administrative ;<br>\uf0a7 Le R\u00e9seau de la formation sur les produits et les techniques de vente.<\/strong><\/p>\n<\/blockquote>\n\n\n\n<blockquote class=\"wp-block-quote\">\n<p class=\"has-text-align-left\">Par ses repr\u00e9sentations dans les deux principales villes du pays (Ouagadougou et Bobo- Dioulasso), <strong>ACM PROMOTION<\/strong> assure la visibilit\u00e9 quotidienne sur l\u2019ensemble du territoire Burkinab\u00e9. Ses nombreux clients appr\u00e9cient chaque jour sa proximit\u00e9 relationnelle et g\u00e9ographique malgr\u00e9 la taille du territoire.<\/p>\n<\/blockquote>\n\n\n<div class=\"wp-block-image is-style-rounded\">\n<figure data-wp-context=\"{ &quot;core&quot;:\n\t\t\t\t{ &quot;image&quot;:\n\t\t\t\t\t{   &quot;imageLoaded&quot;: false,\n\t\t\t\t\t\t&quot;initialized&quot;: false,\n\t\t\t\t\t\t&quot;lightboxEnabled&quot;: false,\n\t\t\t\t\t\t&quot;hideAnimationEnabled&quot;: false,\n\t\t\t\t\t\t&quot;preloadInitialized&quot;: false,\n\t\t\t\t\t\t&quot;lightboxAnimation&quot;: &quot;zoom&quot;,\n\t\t\t\t\t\t&quot;imageUploadedSrc&quot;: &quot;https:\/\/acmp-bf.com\/wp-content\/uploads\/2024\/02\/slide.jpg&quot;,\n\t\t\t\t\t\t&quot;imageCurrentSrc&quot;: &quot;&quot;,\n\t\t\t\t\t\t&quot;targetWidth&quot;: &quot;1600&quot;,\n\t\t\t\t\t\t&quot;targetHeight&quot;: &quot;600&quot;,\n\t\t\t\t\t\t&quot;scaleAttr&quot;: &quot;&quot;,\n\t\t\t\t\t\t&quot;dialogLabel&quot;: &quot;Enlarged image&quot;\n\t\t\t\t\t}\n\t\t\t\t}\n\t\t\t}\" data-wp-interactive class=\"aligncenter size-full is-resized wp-lightbox-container\"><img fetchpriority=\"high\" decoding=\"async\" width=\"1600\" height=\"600\" data-wp-effect--setStylesOnResize=\"effects.core.image.setStylesOnResize\" data-wp-effect=\"effects.core.image.setButtonStyles\" data-wp-init=\"effects.core.image.initOriginImage\" data-wp-on--click=\"actions.core.image.showLightbox\" data-wp-on--load=\"actions.core.image.handleLoad\" src=\"http:\/\/acmp-bf.com\/wp-content\/uploads\/2024\/02\/slide.jpg\" alt=\"\" class=\"wp-image-419\" style=\"width:829px;height:auto\"\/><button\n\t\t\tclass=\"lightbox-trigger\"\n\t\t\ttype=\"button\"\n\t\t\taria-haspopup=\"dialog\"\n\t\t\taria-label=\"Enlarge image\"\n\t\t\tdata-wp-on--click=\"actions.core.image.showLightbox\"\n\t\t\tdata-wp-style--right=\"context.core.image.imageButtonRight\"\n\t\t\tdata-wp-style--top=\"context.core.image.imageButtonTop\"\n\t\t>\n\t\t\t<svg xmlns=\"http:\/\/www.w3.org\/2000\/svg\" width=\"12\" height=\"12\" fill=\"none\" viewBox=\"0 0 12 12\">\n\t\t\t\t<path fill=\"#fff\" d=\"M2 0a2 2 0 0 0-2 2v2h1.5V2a.5.5 0 0 1 .5-.5h2V0H2Zm2 10.5H2a.5.5 0 0 1-.5-.5V8H0v2a2 2 0 0 0 2 2h2v-1.5ZM8 12v-1.5h2a.5.5 0 0 0 .5-.5V8H12v2a2 2 0 0 1-2 2H8Zm2-12a2 2 0 0 1 2 2v2h-1.5V2a.5.5 0 0 0-.5-.5H8V0h2Z\" \/>\n\t\t\t<\/svg>\n\t\t<\/button><figcaption class=\"wp-element-caption\"><strong>Si\u00e8ge de ACM Promotion \u00e0 Ouagadougou<\/strong><\/figcaption>        <div data-wp-body=\"\" class=\"wp-lightbox-overlay zoom\"\n            data-wp-bind--role=\"selectors.core.image.roleAttribute\"\n            data-wp-bind--aria-label=\"selectors.core.image.dialogLabel\"\n            data-wp-class--initialized=\"context.core.image.initialized\"\n            data-wp-class--active=\"context.core.image.lightboxEnabled\"\n            data-wp-class--hideAnimationEnabled=\"context.core.image.hideAnimationEnabled\"\n            data-wp-bind--aria-modal=\"selectors.core.image.ariaModal\"\n            data-wp-effect=\"effects.core.image.initLightbox\"\n            data-wp-on--keydown=\"actions.core.image.handleKeydown\"\n            data-wp-on--touchstart=\"actions.core.image.handleTouchStart\"\n            data-wp-on--touchmove=\"actions.core.image.handleTouchMove\"\n            data-wp-on--touchend=\"actions.core.image.handleTouchEnd\"\n            data-wp-on--click=\"actions.core.image.hideLightbox\"\n            tabindex=\"-1\"\n            >\n                <button type=\"button\" aria-label=\"Close\" style=\"fill: #000\" class=\"close-button\" data-wp-on--click=\"actions.core.image.hideLightbox\">\n                    <svg xmlns=\"http:\/\/www.w3.org\/2000\/svg\" viewBox=\"0 0 24 24\" width=\"20\" height=\"20\" aria-hidden=\"true\" focusable=\"false\"><path d=\"M13 11.8l6.1-6.3-1-1-6.1 6.2-6.1-6.2-1 1 6.1 6.3-6.5 6.7 1 1 6.5-6.6 6.5 6.6 1-1z\"><\/path><\/svg>\n                <\/button>\n                <div class=\"lightbox-image-container\"><div class=\"wp-block-image is-style-rounded\">\n<figure class=\"aligncenter size-full is-resized responsive-image\"><img decoding=\"async\" data-wp-bind--src=\"context.core.image.imageCurrentSrc\" data-wp-style--object-fit=\"selectors.core.image.lightboxObjectFit\" src=\"\" alt=\"\" class=\"wp-image-419\" style=\"width:829px;height:auto\"\/><figcaption class=\"wp-element-caption\"><strong>Si\u00e8ge de ACM Promotion \u00e0 Ouagadougou<\/strong><\/figcaption><\/figure><\/div><\/div>\n                <div class=\"lightbox-image-container\"><div class=\"wp-block-image is-style-rounded\">\n<figure class=\"aligncenter size-full is-resized enlarged-image\"><img decoding=\"async\" data-wp-bind--src=\"selectors.core.image.enlargedImgSrc\" data-wp-style--object-fit=\"selectors.core.image.lightboxObjectFit\" src=\"\" alt=\"\" class=\"wp-image-419\" style=\"width:829px;height:auto\"\/><figcaption class=\"wp-element-caption\"><strong>Si\u00e8ge de ACM Promotion \u00e0 Ouagadougou<\/strong><\/figcaption><\/figure><\/div><\/div>\n                <div class=\"scrim\" style=\"background-color: #fff\" aria-hidden=\"true\"><\/div>\n        <\/div><\/figure><\/div>\n\n\n<p><\/p>\n","protected":false},"excerpt":{"rendered":"<p>Qui somme nous Agence de Corporation M\u00e9dicale et Promotion en abr\u00e9g\u00e9e ACM PROMOTION est une firme de droitburkinab\u00e9, principalement engag\u00e9e dans la promotion des produits pharmaceutiques et m\u00e9dicaments th\u00e9rapeutiques au Burkina Faso. Notre service de promotion fournit aux laboratoires et aux clients pharmaceutiques une strat\u00e9gie num\u00e9rique compl\u00e8te qui r\u00e9pond \u00e0 leurs probl\u00e9matiques cl\u00e9s. Au service [&hellip;]<\/p>\n","protected":false},"author":1,"featured_media":0,"parent":0,"menu_order":0,"comment_status":"closed","ping_status":"open","template":"","meta":{"om_disable_all_campaigns":false,"_monsterinsights_skip_tracking":false,"_monsterinsights_sitenote_active":false,"_monsterinsights_sitenote_note":"","_monsterinsights_sitenote_category":0,"footnotes":""},"aioseo_notices":[],"_links":{"self":[{"href":"https:\/\/acmp-bf.com\/index.php\/wp-json\/wp\/v2\/pages\/2"}],"collection":[{"href":"https:\/\/acmp-bf.com\/index.php\/wp-json\/wp\/v2\/pages"}],"about":[{"href":"https:\/\/acmp-bf.com\/index.php\/wp-json\/wp\/v2\/types\/page"}],"author":[{"embeddable":true,"href":"https:\/\/acmp-bf.com\/index.php\/wp-json\/wp\/v2\/users\/1"}],"replies":[{"embeddable":true,"href":"https:\/\/acmp-bf.com\/index.php\/wp-json\/wp\/v2\/comments?post=2"}],"version-history":[{"count":24,"href":"https:\/\/acmp-bf.com\/index.php\/wp-json\/wp\/v2\/pages\/2\/revisions"}],"predecessor-version":[{"id":429,"href":"https:\/\/acmp-bf.com\/index.php\/wp-json\/wp\/v2\/pages\/2\/revisions\/429"}],"wp:attachment":[{"href":"https:\/\/acmp-bf.com\/index.php\/wp-json\/wp\/v2\/media?parent=2"}],"curies":[{"name":"wp","href":"https:\/\/api.w.org\/{rel}","templated":true}]}}