{"id":246,"date":"2024-01-12T21:09:55","date_gmt":"2024-01-12T20:09:55","guid":{"rendered":"https:\/\/acmp-bf.com\/?page_id=246"},"modified":"2024-02-18T08:23:08","modified_gmt":"2024-02-18T07:23:08","slug":"rejoignez-nous","status":"publish","type":"page","link":"https:\/\/acmp-bf.com\/index.php\/rejoignez-nous\/","title":{"rendered":"Rejoignez nous"},"content":{"rendered":"\n<p>Rejoindre ACM PROMOTION c\u2019est avoir une exp\u00e9rience humaine riche et multiculturelle permettant \u00e0<br>ses collaborateurs de vivre une aventure professionnelle unique.<br><strong>ACM PROMOTION <\/strong>mise sur la contribution de professionnels talentueux et engag\u00e9s comme vous, qui<br>sont les moteurs de la progression de l\u2019entreprise toute enti\u00e8re, en privil\u00e9giant une croissance qui<br>s\u2019inscrit dans la dur\u00e9e.<\/p>\n\n\n\n<h3 class=\"wp-block-heading has-text-color has-link-color wp-elements-83fd722309a5289498362e4b834165f5\" style=\"color:#48b031\"><strong>E-mail secr\u00e9tariat ACM<\/strong>P&nbsp;:&nbsp;<a href=\"mailto:secretariat@acmp-bf.com\">&nbsp;<\/a><a href=\"mailto:secretariat@acmp-bf.com\" target=\"_blank\" rel=\"noreferrer noopener\">secretariat@acmp-bf.com<\/a>&nbsp;<\/h3>\n\n\n\n<h3 class=\"wp-block-heading has-text-color has-link-color wp-elements-8a9a57ef21f4d2e9787f5d8c57f0b9c8\" style=\"color:#48b031\"><strong>T\u00e9l\u00e9phone<\/strong>&nbsp;: +226 25 47 61 48<\/h3>\n\n\n\n<iframe src=\"https:\/\/www.google.com\/maps\/embed?pb=!1m17!1m12!1m3!1d3897.55509511003!2d-1.556592724934042!3d12.345704187915057!2m3!1f0!2f0!3f0!3m2!1i1024!2i768!4f13.1!3m2!1m1!2zMTLCsDIwJzQ0LjUiTiAxwrAzMycxNC41Ilc!5e0!3m2!1sfr!2sbf!4v1705078717741!5m2!1sfr!2sbf\" width=\"750\" height=\"350\" style=\"border:0;\" allowfullscreen=\"\" loading=\"lazy\" referrerpolicy=\"no-referrer-when-downgrade\"><\/iframe>\n","protected":false},"excerpt":{"rendered":"<p>Rejoindre ACM PROMOTION c\u2019est avoir une exp\u00e9rience humaine riche et multiculturelle permettant \u00e0ses collaborateurs de vivre une aventure professionnelle unique.ACM PROMOTION mise sur la contribution de professionnels talentueux et engag\u00e9s comme vous, quisont les moteurs de la progression de l\u2019entreprise toute enti\u00e8re, en privil\u00e9giant une croissance quis\u2019inscrit dans la dur\u00e9e. E-mail secr\u00e9tariat ACMP&nbsp;:&nbsp;&nbsp;secretariat@acmp-bf.com&nbsp; T\u00e9l\u00e9phone&nbsp;: +226 [&hellip;]<\/p>\n","protected":false},"author":1,"featured_media":0,"parent":0,"menu_order":0,"comment_status":"closed","ping_status":"closed","template":"","meta":{"om_disable_all_campaigns":false,"_monsterinsights_skip_tracking":false,"_monsterinsights_sitenote_active":false,"_monsterinsights_sitenote_note":"","_monsterinsights_sitenote_category":0,"footnotes":""},"aioseo_notices":[],"_links":{"self":[{"href":"https:\/\/acmp-bf.com\/index.php\/wp-json\/wp\/v2\/pages\/246"}],"collection":[{"href":"https:\/\/acmp-bf.com\/index.php\/wp-json\/wp\/v2\/pages"}],"about":[{"href":"https:\/\/acmp-bf.com\/index.php\/wp-json\/wp\/v2\/types\/page"}],"author":[{"embeddable":true,"href":"https:\/\/acmp-bf.com\/index.php\/wp-json\/wp\/v2\/users\/1"}],"replies":[{"embeddable":true,"href":"https:\/\/acmp-bf.com\/index.php\/wp-json\/wp\/v2\/comments?post=246"}],"version-history":[{"count":7,"href":"https:\/\/acmp-bf.com\/index.php\/wp-json\/wp\/v2\/pages\/246\/revisions"}],"predecessor-version":[{"id":420,"href":"https:\/\/acmp-bf.com\/index.php\/wp-json\/wp\/v2\/pages\/246\/revisions\/420"}],"wp:attachment":[{"href":"https:\/\/acmp-bf.com\/index.php\/wp-json\/wp\/v2\/media?parent=246"}],"curies":[{"name":"wp","href":"https:\/\/api.w.org\/{rel}","templated":true}]}}