{"id":311,"date":"2024-01-31T15:50:22","date_gmt":"2024-01-31T14:50:22","guid":{"rendered":"https:\/\/acmp-bf.com\/?page_id=311"},"modified":"2024-02-28T09:51:07","modified_gmt":"2024-02-28T08:51:07","slug":"nos-mission","status":"publish","type":"page","link":"https:\/\/acmp-bf.com\/index.php\/nos-mission\/","title":{"rendered":"Nos missions"},"content":{"rendered":"\n<h2 class=\"wp-block-heading has-text-color has-link-color wp-elements-c20cdfe8271ed5837baa700db53f0bf5\" style=\"color:#48b031\">Nos m\u00e9tiers<strong> <\/strong> <\/h2>\n\n\n\n<p>Afin d\u2019assurer un acc\u00e8s optimal aux soins au Burkina Faso, nos \u00e9quipes ont pour objectif de fournir un<br>service de haute qualit\u00e9 aux professionnels de la sant\u00e9 \u00e0 diff\u00e9rents niveaux :<\/p>\n\n\n\n<ul>\n<li>Au service des laboratoires : nos \u00e9quipes assurent la promotion des produits pharmaceutiques ;<\/li>\n\n\n\n<li>Au service des grossistes : Ce sont des centrales d\u2019achat et de services. Nos \u00e9quipes travaillent en collaboration avec les laboratoires et les grossistes ainsi que les officines pour centraliser les diff\u00e9rents achats ;<\/li>\n\n\n\n<li>Au service des pharmaciens : ceux-ci sont des partenaires qui offrent un approvisionnement fiable et de qualit\u00e9 ;<\/li>\n\n\n\n<li>Au service d\u2019entit\u00e9s publiques : nos \u00e9quipes sont des partenaires d\u2019information sur les produits selon les diff\u00e9rentes pathologies ;<\/li>\n\n\n\n<li>Au service des visas et des prestations de certification : nous sommes habilit\u00e9es \u00e0 effectuer les demandes d\u2019Autorisation de mise sur le march\u00e9 (AMM) et des Autorisations sp\u00e9ciales d\u2019importer (ASI).<\/li>\n<\/ul>\n\n\n\n<h2 class=\"wp-block-heading has-text-color has-link-color wp-elements-7b5155fbd204bf1bcdea4c1165806b8b\" style=\"color:#48b031\">Nos atouts<\/h2>\n\n\n\n<p>Notre expertise nous permet de mettre en place un conseil en strat\u00e9gie d\u2019implantation et politique<br>commerciale d\u00e9bouchant sur des pr\u00e9conisations d\u2019actions promotionnelles en officine. Nous vous<br>accompagnons toujours au travers d&#8217;une d\u00e9marche de conseil strat\u00e9gique et op\u00e9rationnel.<\/p>\n","protected":false},"excerpt":{"rendered":"<p>Nos m\u00e9tiers Afin d\u2019assurer un acc\u00e8s optimal aux soins au Burkina Faso, nos \u00e9quipes ont pour objectif de fournir unservice de haute qualit\u00e9 aux professionnels de la sant\u00e9 \u00e0 diff\u00e9rents niveaux : Nos atouts Notre expertise nous permet de mettre en place un conseil en strat\u00e9gie d\u2019implantation et politiquecommerciale d\u00e9bouchant sur des pr\u00e9conisations d\u2019actions promotionnelles [&hellip;]<\/p>\n","protected":false},"author":1,"featured_media":0,"parent":0,"menu_order":0,"comment_status":"closed","ping_status":"closed","template":"","meta":{"om_disable_all_campaigns":false,"_monsterinsights_skip_tracking":false,"_monsterinsights_sitenote_active":false,"_monsterinsights_sitenote_note":"","_monsterinsights_sitenote_category":0,"footnotes":""},"aioseo_notices":[],"_links":{"self":[{"href":"https:\/\/acmp-bf.com\/index.php\/wp-json\/wp\/v2\/pages\/311"}],"collection":[{"href":"https:\/\/acmp-bf.com\/index.php\/wp-json\/wp\/v2\/pages"}],"about":[{"href":"https:\/\/acmp-bf.com\/index.php\/wp-json\/wp\/v2\/types\/page"}],"author":[{"embeddable":true,"href":"https:\/\/acmp-bf.com\/index.php\/wp-json\/wp\/v2\/users\/1"}],"replies":[{"embeddable":true,"href":"https:\/\/acmp-bf.com\/index.php\/wp-json\/wp\/v2\/comments?post=311"}],"version-history":[{"count":7,"href":"https:\/\/acmp-bf.com\/index.php\/wp-json\/wp\/v2\/pages\/311\/revisions"}],"predecessor-version":[{"id":450,"href":"https:\/\/acmp-bf.com\/index.php\/wp-json\/wp\/v2\/pages\/311\/revisions\/450"}],"wp:attachment":[{"href":"https:\/\/acmp-bf.com\/index.php\/wp-json\/wp\/v2\/media?parent=311"}],"curies":[{"name":"wp","href":"https:\/\/api.w.org\/{rel}","templated":true}]}}